{"id":104,"date":"2024-09-05T10:44:31","date_gmt":"2024-09-05T10:44:31","guid":{"rendered":"https:\/\/bio-pharma.si\/trgovina\/?post_type=product&#038;p=104"},"modified":"2024-09-08T17:18:10","modified_gmt":"2024-09-08T17:18:10","slug":"prehransko-dopolnilo-navadnega-rmana-presnova","status":"publish","type":"product","link":"https:\/\/bio-pharma.si\/trgovina\/izdelek\/prehransko-dopolnilo-navadnega-rmana-presnova\/","title":{"rendered":"Prehransko dopolnilo NAVADNEGA RMANA \u2013 Presnova"},"content":{"rendered":"<h2 class=\"h-custom-headline cs-ta-center h3\">SESTAVINE<\/h2>\n<div class=\"x-text\">\n<p>vodno alkoholni izvle\u010dki (1:10) iz zeli navadnega rmana (Achillea millefolium herba), (1:10) iz zeli smrdlji\u010dke (Geranium robertianum herba), (1:10) iz stor\u017ekov navadnega hmelja (Humulus lupulus strobulus), (1:10) iz cvetov \u010drnega bezga (Sambucus nigra flos), (1:10) iz zeli pti\u010dje dresni (Polygonum aviculare herba), (1:10) iz korenine pravega peter\u0161ilja (Petroselinum crispum radix), (1:10) iz zeli vrtnega \u0161etraja (Satureja hortensis herba), (1:10) iz zeli navadne dobre misli (Origanum vulgare herba.<\/p>\n<p><strong>OPOZORILO:<\/strong><br \/>\nPriporo\u010dene dnevne koli\u010dine oziroma odmerka se ne sme prekora\u010diti.<br \/>\nPrehransko dopolnilo ni nadomestilo za uravnote\u017eeno in raznovrstno prehrano.<br \/>\nShranjevati nedosegljivo otrokom!<\/p>\n<h2 class=\"h-custom-headline h3\">NA\u010cIN UPORABE<\/h2>\n<div class=\"x-text\">\n<p>Zau\u017eijte 3x na dan po eno \u010dajno \u017eli\u010dko pred obrokom samostojno ali z 1dcl vode.<\/p>\n<div class=\"x-text\">\n<p><strong>Koli\u010dine snovi izra\u017eene na priporo\u010deno dnevno koli\u010dino (180 kapljic ali 3 \u010dajne \u017eli\u010dke ali 6 ml).<\/strong><\/p>\n<\/div>\n<h2 class=\"h-custom-headline cs-ta-left h5\">Teko\u010di izvle\u010dki:<\/h2>\n<ul class=\"x-feature-list\" data-x-element=\"feature_list\" data-x-params=\"{&quot;animationOffset&quot;:&quot;50&quot;,&quot;animationDelayInitial&quot;:&quot;0&quot;,&quot;animationDelayBetween&quot;:&quot;300&quot;}\">\n<li class=\"x-feature-box left-text top-text cf\" data-x-element=\"feature_box\" data-x-params=\"{&quot;child&quot;:true,&quot;graphicAnimation&quot;:&quot;fadeInDown&quot;,&quot;connectorAnimation&quot;:&quot;none&quot;,&quot;alignH&quot;:&quot;left&quot;,&quot;alignV&quot;:&quot;top&quot;}\">\n<div class=\"x-feature-box-graphic circle\">\n<div class=\"x-feature-box-graphic-outer circle\">\n<div class=\"x-feature-box-graphic-inner circle\">Navadnega rmana 1,8 ml<\/div>\n<\/div>\n<\/div>\n<div class=\"x-feature-box-content\">\n<p class=\"x-feature-box-text\">(lat. Achillea millefolium herba)<\/p>\n<\/div>\n<\/li>\n<li class=\"x-feature-box left-text top-text cf\" data-x-element=\"feature_box\" data-x-params=\"{&quot;child&quot;:true,&quot;graphicAnimation&quot;:&quot;fadeInDown&quot;,&quot;connectorAnimation&quot;:&quot;none&quot;,&quot;alignH&quot;:&quot;left&quot;,&quot;alignV&quot;:&quot;top&quot;}\">\n<div class=\"x-feature-box-graphic circle\">\n<div class=\"x-feature-box-graphic-outer circle\">\n<div class=\"x-feature-box-graphic-inner circle\">Smrdlji\u010dke 0,6 ml<\/div>\n<\/div>\n<\/div>\n<div class=\"x-feature-box-content\">\n<p class=\"x-feature-box-text\">(lat. Geranium robertianum herba)<\/p>\n<\/div>\n<\/li>\n<li class=\"x-feature-box left-text top-text cf\" data-x-element=\"feature_box\" data-x-params=\"{&quot;child&quot;:true,&quot;graphicAnimation&quot;:&quot;fadeInDown&quot;,&quot;connectorAnimation&quot;:&quot;none&quot;,&quot;alignH&quot;:&quot;left&quot;,&quot;alignV&quot;:&quot;top&quot;}\">\n<div class=\"x-feature-box-graphic circle\">\n<div class=\"x-feature-box-graphic-outer circle\">\n<div class=\"x-feature-box-graphic-inner circle\">Navadnega hmelja 0,6 ml<\/div>\n<\/div>\n<\/div>\n<div class=\"x-feature-box-content\">\n<p class=\"x-feature-box-text\">(lat. Humulus lupulus strobulus)<\/p>\n<\/div>\n<\/li>\n<li class=\"x-feature-box left-text top-text cf\" data-x-element=\"feature_box\" data-x-params=\"{&quot;child&quot;:true,&quot;graphicAnimation&quot;:&quot;fadeInDown&quot;,&quot;connectorAnimation&quot;:&quot;none&quot;,&quot;alignH&quot;:&quot;left&quot;,&quot;alignV&quot;:&quot;top&quot;}\">\n<div class=\"x-feature-box-graphic circle\">\n<div class=\"x-feature-box-graphic-outer circle\">\n<div class=\"x-feature-box-graphic-inner circle\">\u010crnega bezga 0,6 ml<\/div>\n<\/div>\n<\/div>\n<div class=\"x-feature-box-content\">\n<p class=\"x-feature-box-text\">(lat. Sambucus nigra flos)<\/p>\n<\/div>\n<\/li>\n<li class=\"x-feature-box left-text top-text cf\" data-x-element=\"feature_box\" data-x-params=\"{&quot;child&quot;:true,&quot;graphicAnimation&quot;:&quot;fadeInDown&quot;,&quot;connectorAnimation&quot;:&quot;none&quot;,&quot;alignH&quot;:&quot;left&quot;,&quot;alignV&quot;:&quot;top&quot;}\">\n<div class=\"x-feature-box-graphic circle\">\n<div class=\"x-feature-box-graphic-outer circle\">\n<div class=\"x-feature-box-graphic-inner circle\">Pti\u010dje dresni 0,6 ml<\/div>\n<\/div>\n<\/div>\n<div class=\"x-feature-box-content\">\n<p class=\"x-feature-box-text\">(lat. Polygonum aviculare herba)<\/p>\n<\/div>\n<\/li>\n<li class=\"x-feature-box left-text top-text cf\" data-x-element=\"feature_box\" data-x-params=\"{&quot;child&quot;:true,&quot;graphicAnimation&quot;:&quot;fadeInDown&quot;,&quot;connectorAnimation&quot;:&quot;none&quot;,&quot;alignH&quot;:&quot;left&quot;,&quot;alignV&quot;:&quot;top&quot;}\">\n<div class=\"x-feature-box-graphic circle\">\n<div class=\"x-feature-box-graphic-outer circle\">\n<div class=\"x-feature-box-graphic-inner circle\">Pravega peter\u0161ilja 0,6 ml<\/div>\n<\/div>\n<\/div>\n<div class=\"x-feature-box-content\">\n<p class=\"x-feature-box-text\">(lat. Petroselinum crispum radix)<\/p>\n<\/div>\n<\/li>\n<li class=\"x-feature-box left-text top-text cf\" data-x-element=\"feature_box\" data-x-params=\"{&quot;child&quot;:true,&quot;graphicAnimation&quot;:&quot;fadeInDown&quot;,&quot;connectorAnimation&quot;:&quot;none&quot;,&quot;alignH&quot;:&quot;left&quot;,&quot;alignV&quot;:&quot;top&quot;}\">\n<div class=\"x-feature-box-graphic circle\">\n<div class=\"x-feature-box-graphic-outer circle\">\n<div class=\"x-feature-box-graphic-inner circle\">Vrtnega \u0161etraja 0,6 ml<\/div>\n<\/div>\n<\/div>\n<div class=\"x-feature-box-content\">\n<p class=\"x-feature-box-text\">(lat. Satureja hortensis herba)<\/p>\n<\/div>\n<\/li>\n<li class=\"x-feature-box left-text top-text cf\" data-x-element=\"feature_box\" data-x-params=\"{&quot;child&quot;:true,&quot;graphicAnimation&quot;:&quot;fadeInDown&quot;,&quot;connectorAnimation&quot;:&quot;none&quot;,&quot;alignH&quot;:&quot;left&quot;,&quot;alignV&quot;:&quot;top&quot;}\">\n<div class=\"x-feature-box-graphic circle\"><\/div>\n<div class=\"x-feature-box-content\">\n<p class=\"x-feature-box-title\">Navadne dobre misli 0,6 ml<\/p>\n<p class=\"x-feature-box-text\">(lat. Origanum vulgare herba)<\/p>\n<\/div>\n<\/li>\n<\/ul>\n<\/div>\n<\/div>\n","protected":false},"excerpt":{"rendered":"<div class=\"x-text cs-ta-center\">\n<p>Prehransko dopolnilo je vodno etanolni izvle\u010dek: navadnega rmana, smrdlji\u010dke, navadnega hmelja, \u010drnega bezga, pti\u010dje dresni, pravega peter\u0161ilja, vrtnega \u0161etraja, navadne dobre misli.\u00a0Izdelek vsebuje 18 vol % alkohola.<\/p>\n<\/div>\n<div class=\"x-text cs-ta-center\">\n<p><strong>Delovanje Prehranskega dopolnila NAVADNI RMAN:<\/strong><\/p>\n<ul>\n<li>podpira in prispeva pri ohranjanju urejene presnove<\/li>\n<\/ul>\n<\/div>\n","protected":false},"featured_media":105,"comment_status":"open","ping_status":"closed","template":"","meta":[],"product_cat":[51],"product_tag":[80,129],"class_list":{"0":"post-104","1":"product","2":"type-product","3":"status-publish","4":"has-post-thumbnail","6":"product_cat-prehranska-dopolnila","7":"product_tag-navadni-rman","8":"product_tag-presnova","10":"first","11":"instock","12":"shipping-taxable","13":"purchasable","14":"product-type-variable"},"_links":{"self":[{"href":"https:\/\/bio-pharma.si\/trgovina\/wp-json\/wp\/v2\/product\/104"}],"collection":[{"href":"https:\/\/bio-pharma.si\/trgovina\/wp-json\/wp\/v2\/product"}],"about":[{"href":"https:\/\/bio-pharma.si\/trgovina\/wp-json\/wp\/v2\/types\/product"}],"replies":[{"embeddable":true,"href":"https:\/\/bio-pharma.si\/trgovina\/wp-json\/wp\/v2\/comments?post=104"}],"wp:featuredmedia":[{"embeddable":true,"href":"https:\/\/bio-pharma.si\/trgovina\/wp-json\/wp\/v2\/media\/105"}],"wp:attachment":[{"href":"https:\/\/bio-pharma.si\/trgovina\/wp-json\/wp\/v2\/media?parent=104"}],"wp:term":[{"taxonomy":"product_cat","embeddable":true,"href":"https:\/\/bio-pharma.si\/trgovina\/wp-json\/wp\/v2\/product_cat?post=104"},{"taxonomy":"product_tag","embeddable":true,"href":"https:\/\/bio-pharma.si\/trgovina\/wp-json\/wp\/v2\/product_tag?post=104"}],"curies":[{"name":"wp","href":"https:\/\/api.w.org\/{rel}","templated":true}]}}