{"id":121,"date":"2024-09-05T11:08:11","date_gmt":"2024-09-05T11:08:11","guid":{"rendered":"https:\/\/bio-pharma.si\/trgovina\/?post_type=product&#038;p=121"},"modified":"2024-09-08T17:17:46","modified_gmt":"2024-09-08T17:17:46","slug":"prehransko-dopolnilo-rozmarina-srce","status":"publish","type":"product","link":"https:\/\/bio-pharma.si\/trgovina\/izdelek\/prehransko-dopolnilo-rozmarina-srce\/","title":{"rendered":"Prehransko dopolnilo RO\u017dMARINA \u2013 Srce"},"content":{"rendered":"<h2 class=\"h-custom-headline cs-ta-center h3\">SESTAVINE<\/h2>\n<div class=\"x-text\">\n<p>vodno alkoholni izvle\u010dki (1:10) iz listov navadnega ro\u017emarina (<em>Rosmarinus officinalis folium<\/em>), (1:10) iz listov \u010dema\u017ea (<em>Allium ursinum folium<\/em>), (1:10) iz listov navadne melise (<em>Melissa officinalis folium<\/em>), (1:10) iz zeli navadnega rmana (<em>Achillea millefolium herba<\/em>), (1:10) iz listov poprove mete (<em>Mentha x piperita folium<\/em>), (1:10) iz zeli navadne tav\u017eentro\u017ee (<em>Centaurium minus herba<\/em>)<\/p>\n<p><strong>OPOZORILO:<\/strong><br \/>\n<strong>Priporo\u010dene dnevne koli\u010dine oziroma odmerka se ne sme prekora\u010diti.<\/strong><br \/>\n<strong>Prehransko dopolnilo ni nadomestilo za uravnote\u017eeno in raznovrstno prehrano.<\/strong><br \/>\n<strong>Shranjevati nedosegljivo otrokom!<\/strong><\/p>\n<h2 class=\"h-custom-headline h3\">NA\u010cIN UPORABE<\/h2>\n<div class=\"x-text\">\n<p>Zau\u017eijte 3x na dan po eno \u010dajno \u017eli\u010dko pred obrokom samostojno ali z 1dcl vode.<\/p>\n<div class=\"x-text\">\n<h5><strong>Koli\u010dine snovi izra\u017eene na priporo\u010deno dnevno koli\u010dino (180 kapljic ali 3 \u010dajne \u017eli\u010dke ali 6 ml).<\/strong><\/h5>\n<\/div>\n<h2 class=\"h-custom-headline cs-ta-left h5\">Teko\u010di izvle\u010dki:<\/h2>\n<ul class=\"x-feature-list\" data-x-element=\"feature_list\" data-x-params=\"{&quot;animationOffset&quot;:&quot;50&quot;,&quot;animationDelayInitial&quot;:&quot;0&quot;,&quot;animationDelayBetween&quot;:&quot;300&quot;}\">\n<li class=\"x-feature-box left-text top-text cf\" data-x-element=\"feature_box\" data-x-params=\"{&quot;child&quot;:true,&quot;graphicAnimation&quot;:&quot;fadeInDown&quot;,&quot;connectorAnimation&quot;:&quot;none&quot;,&quot;alignH&quot;:&quot;left&quot;,&quot;alignV&quot;:&quot;top&quot;}\">\n<div class=\"x-feature-box-graphic circle\">\n<div class=\"x-feature-box-graphic-outer circle\">\n<div class=\"x-feature-box-graphic-inner circle\">Ro\u017emarina 1,5 ml<\/div>\n<\/div>\n<\/div>\n<div class=\"x-feature-box-content\">\n<p class=\"x-feature-box-text\">(lat. Rosmarinus officinalis folium)<\/p>\n<\/div>\n<\/li>\n<li class=\"x-feature-box left-text top-text cf\" data-x-element=\"feature_box\" data-x-params=\"{&quot;child&quot;:true,&quot;graphicAnimation&quot;:&quot;fadeInDown&quot;,&quot;connectorAnimation&quot;:&quot;none&quot;,&quot;alignH&quot;:&quot;left&quot;,&quot;alignV&quot;:&quot;top&quot;}\">\n<div class=\"x-feature-box-graphic circle\">\n<div class=\"x-feature-box-graphic-outer circle\">\n<div class=\"x-feature-box-graphic-inner circle\">\u010cema\u017ea 1,5 ml<\/div>\n<\/div>\n<\/div>\n<div class=\"x-feature-box-content\">\n<p class=\"x-feature-box-text\">(lat. Allium ursinum folium)<\/p>\n<\/div>\n<\/li>\n<li class=\"x-feature-box left-text top-text cf\" data-x-element=\"feature_box\" data-x-params=\"{&quot;child&quot;:true,&quot;graphicAnimation&quot;:&quot;fadeInDown&quot;,&quot;connectorAnimation&quot;:&quot;none&quot;,&quot;alignH&quot;:&quot;left&quot;,&quot;alignV&quot;:&quot;top&quot;}\">\n<div class=\"x-feature-box-graphic circle\">\n<div class=\"x-feature-box-graphic-outer circle\">\n<div class=\"x-feature-box-graphic-inner circle\">Navadne melise 0,9 ml<\/div>\n<\/div>\n<\/div>\n<div class=\"x-feature-box-content\">\n<p class=\"x-feature-box-text\">(lat. Melissa officinalis folium)<\/p>\n<\/div>\n<\/li>\n<li class=\"x-feature-box left-text top-text cf\" data-x-element=\"feature_box\" data-x-params=\"{&quot;child&quot;:true,&quot;graphicAnimation&quot;:&quot;fadeInDown&quot;,&quot;connectorAnimation&quot;:&quot;none&quot;,&quot;alignH&quot;:&quot;left&quot;,&quot;alignV&quot;:&quot;top&quot;}\">\n<div class=\"x-feature-box-graphic circle\">\n<div class=\"x-feature-box-graphic-outer circle\">\n<div class=\"x-feature-box-graphic-inner circle\">Navadnega rmana 0,9 ml<\/div>\n<\/div>\n<\/div>\n<div class=\"x-feature-box-content\">\n<p class=\"x-feature-box-text\">(lat. Achillea millefolium herba)<\/p>\n<\/div>\n<\/li>\n<li class=\"x-feature-box left-text top-text cf\" data-x-element=\"feature_box\" data-x-params=\"{&quot;child&quot;:true,&quot;graphicAnimation&quot;:&quot;fadeInDown&quot;,&quot;connectorAnimation&quot;:&quot;none&quot;,&quot;alignH&quot;:&quot;left&quot;,&quot;alignV&quot;:&quot;top&quot;}\">\n<div class=\"x-feature-box-graphic circle\">\n<div class=\"x-feature-box-graphic-outer circle\">\n<div class=\"x-feature-box-graphic-inner circle\">Poprove mete 0,6 ml<\/div>\n<\/div>\n<\/div>\n<div class=\"x-feature-box-content\">\n<p class=\"x-feature-box-text\">(lat. Mentha x piperita folium)<\/p>\n<\/div>\n<\/li>\n<li class=\"x-feature-box left-text top-text cf\" data-x-element=\"feature_box\" data-x-params=\"{&quot;child&quot;:true,&quot;graphicAnimation&quot;:&quot;fadeInDown&quot;,&quot;connectorAnimation&quot;:&quot;none&quot;,&quot;alignH&quot;:&quot;left&quot;,&quot;alignV&quot;:&quot;top&quot;}\">\n<div class=\"x-feature-box-graphic circle\"><\/div>\n<div class=\"x-feature-box-content\">\n<p class=\"x-feature-box-title\">Navadne tav\u017eentro\u017ee 0,6 ml<\/p>\n<p class=\"x-feature-box-text\">(lat. Centaurium minus herba)<\/p>\n<\/div>\n<\/li>\n<\/ul>\n<\/div>\n<\/div>\n","protected":false},"excerpt":{"rendered":"<div class=\"x-text cs-ta-center\">\n<p>Prehransko dopolnilo je vodno etanolni izvle\u010dek: ro\u017emarina, \u010dema\u017ea, navadne melise, navadnega rmana, poprove mete in navadne tav\u017eentro\u017ee.\u00a0Izdelek vsebuje 18 vol % alkohola.<\/p>\n<\/div>\n<div class=\"x-text cs-ta-left\">\n<p><strong>Delovanje Prehranskega dopolnila RO\u017dMARIN:<\/strong><\/p>\n<ul>\n<li>podpora pri normalnem delovanju srca<\/li>\n<li>prispeva k ohranjanju zdravja srca<\/li>\n<\/ul>\n<\/div>\n","protected":false},"featured_media":122,"comment_status":"open","ping_status":"closed","template":"","meta":[],"product_cat":[51],"product_tag":[22,137],"class_list":{"0":"post-121","1":"product","2":"type-product","3":"status-publish","4":"has-post-thumbnail","6":"product_cat-prehranska-dopolnila","7":"product_tag-rozmarin","8":"product_tag-srce","10":"first","11":"instock","12":"shipping-taxable","13":"purchasable","14":"product-type-variable"},"_links":{"self":[{"href":"https:\/\/bio-pharma.si\/trgovina\/wp-json\/wp\/v2\/product\/121"}],"collection":[{"href":"https:\/\/bio-pharma.si\/trgovina\/wp-json\/wp\/v2\/product"}],"about":[{"href":"https:\/\/bio-pharma.si\/trgovina\/wp-json\/wp\/v2\/types\/product"}],"replies":[{"embeddable":true,"href":"https:\/\/bio-pharma.si\/trgovina\/wp-json\/wp\/v2\/comments?post=121"}],"wp:featuredmedia":[{"embeddable":true,"href":"https:\/\/bio-pharma.si\/trgovina\/wp-json\/wp\/v2\/media\/122"}],"wp:attachment":[{"href":"https:\/\/bio-pharma.si\/trgovina\/wp-json\/wp\/v2\/media?parent=121"}],"wp:term":[{"taxonomy":"product_cat","embeddable":true,"href":"https:\/\/bio-pharma.si\/trgovina\/wp-json\/wp\/v2\/product_cat?post=121"},{"taxonomy":"product_tag","embeddable":true,"href":"https:\/\/bio-pharma.si\/trgovina\/wp-json\/wp\/v2\/product_tag?post=121"}],"curies":[{"name":"wp","href":"https:\/\/api.w.org\/{rel}","templated":true}]}}