{"id":57,"date":"2024-09-04T19:01:56","date_gmt":"2024-09-04T19:01:56","guid":{"rendered":"https:\/\/bio-pharma.si\/trgovina\/?post_type=product&#038;p=57"},"modified":"2024-09-08T17:19:06","modified_gmt":"2024-09-08T17:19:06","slug":"absor-zeliscno-vitaminsko-mazilo-80-ml","status":"publish","type":"product","link":"https:\/\/bio-pharma.si\/trgovina\/izdelek\/absor-zeliscno-vitaminsko-mazilo-80-ml\/","title":{"rendered":"ABSOR zeli\u0161\u010dno vitaminsko mazilo  (80 ml)"},"content":{"rendered":"<h2 class=\"h-custom-headline cs-ta-center h3\">SESTAVINE<\/h2>\n<div class=\"x-text cs-ta-center\">\n<p>INCI sestavine \/ Ingredients:<\/p>\n<p>LANOLIN, AQUA, SALIX ALBA BARK EXTRACT, ECHINACEA PURPUREA HERB EXTRACT, CALENDULA OFFICINALIS FLOWER EXTRACT, HARPAGOPHYTUM PROCUMBENS ROOT EXTRACT, SYMPHYTUM OFFICINALE ROOT EXTRACT, VISCUM ALBUM HERBA EXTRACT, GALIUM VERUM HERBA EXTRACT, VIOLA TRICOLOR HERBA EXTRACT, ROSMARINUS OFFICINALIS LEAF EXTRACT, PRUNUS AMYGDALUS DULCIS OIL, LINUM USITATISSMUM SEED OIL, ALCOHOL, DIMETHICONE, JUNIPERUS COMMUNIS OIL, RETINOL, TOCOPHERYL ACETATE, CETEARYL ALCOHOL, SODIUM CETEARYL SULFATE, SODIUM LAURYL SULFATE, LIMONENE*, LINALOOL*.<\/p>\n<p>*sestavina eteri\u010dnega olja<\/p>\n<p>LANOLIN, VODA, VRBA, \u0160KRLATNA EHINACEJA, OGNJI\u010c, VRA\u017dJI KREMPELJ, GABEZ, BEL A OMELA, LAKOTA, DIVJA VIJOLICA, RO\u017dMARIN, MANDLJEVO OLJE, LANENO OLJE, ALKOHOL, VITAMIN A , VITAMIN E.<\/p>\n<h2 class=\"h-custom-headline h3\">NA\u010cIN UPORABE<\/h2>\n<div class=\"x-text\">\n<p>Mazilo se nana\u0161a v tankem sloju na doti\u010dna mesta (mi\u0161ice,sklepi) 1-3x na dan ter izvaja vtiranje z rahlimi kro\u017enimi gibi.<\/p>\n<h2 class=\"h-custom-headline cs-ta-left h3\">NAMEN:<\/h2>\n<p class=\"x-feature-box-title\">Popolna NEGA in MASA\u017dA telesa v predelu sklepov in mi\u0161ic<\/p>\n<p class=\"x-feature-box-title\">Podpora bolj\u0161i gibljivosti sklepov<\/p>\n<p>&nbsp;<\/p>\n<\/div>\n<\/div>\n","protected":false},"excerpt":{"rendered":"<p>ABSOR mazilo se odlikuje po bogati sestavi 9 izbranih zdravilnih rastlin, dodatkom MANDLJEVEGA, LANENEGA olja ter vitaminov A in E. Povr\u0161insko delovanje mazila naredi ko\u017eo mehko in pro\u017eno. Organska sestava komponent pa omogo\u010da prodiranje mazila globlje v tkivo. Osve\u017eujo\u010da nega in masa\u017ea telesa pri tem ustvarjata ob\u010dutek udobja in gibljivost sklepov.<\/p>\n","protected":false},"featured_media":58,"comment_status":"open","ping_status":"closed","template":"","meta":[],"product_cat":[50],"product_tag":[64,93,95,92,94,96,89,54,97,21,22,78,26,36,28,91,90],"class_list":{"0":"post-57","1":"product","2":"type-product","3":"status-publish","4":"has-post-thumbnail","6":"product_cat-mazila","7":"product_tag-alkohol","8":"product_tag-bel-a-omela","9":"product_tag-divja-vijolica","10":"product_tag-gabez","11":"product_tag-lakota","12":"product_tag-laneno-olje","13":"product_tag-lanolin","14":"product_tag-mandljevo-olje","15":"product_tag-masaza","16":"product_tag-ognjic","17":"product_tag-rozmarin","18":"product_tag-skrlatna-ehinaceja","19":"product_tag-vitamin-a","20":"product_tag-vitamin-e","21":"product_tag-voda","22":"product_tag-vrazji-krempelj","23":"product_tag-vrba","25":"first","26":"instock","27":"shipping-taxable","28":"purchasable","29":"product-type-simple"},"_links":{"self":[{"href":"https:\/\/bio-pharma.si\/trgovina\/wp-json\/wp\/v2\/product\/57"}],"collection":[{"href":"https:\/\/bio-pharma.si\/trgovina\/wp-json\/wp\/v2\/product"}],"about":[{"href":"https:\/\/bio-pharma.si\/trgovina\/wp-json\/wp\/v2\/types\/product"}],"replies":[{"embeddable":true,"href":"https:\/\/bio-pharma.si\/trgovina\/wp-json\/wp\/v2\/comments?post=57"}],"wp:featuredmedia":[{"embeddable":true,"href":"https:\/\/bio-pharma.si\/trgovina\/wp-json\/wp\/v2\/media\/58"}],"wp:attachment":[{"href":"https:\/\/bio-pharma.si\/trgovina\/wp-json\/wp\/v2\/media?parent=57"}],"wp:term":[{"taxonomy":"product_cat","embeddable":true,"href":"https:\/\/bio-pharma.si\/trgovina\/wp-json\/wp\/v2\/product_cat?post=57"},{"taxonomy":"product_tag","embeddable":true,"href":"https:\/\/bio-pharma.si\/trgovina\/wp-json\/wp\/v2\/product_tag?post=57"}],"curies":[{"name":"wp","href":"https:\/\/api.w.org\/{rel}","templated":true}]}}